{"id":6310,"date":"2023-09-15T12:37:07","date_gmt":"2023-09-15T12:37:07","guid":{"rendered":"https:\/\/www.thunderlane.eu\/?post_type=product&#038;p=6310"},"modified":"2025-10-09T14:11:12","modified_gmt":"2025-10-09T14:11:12","slug":"lamborghini-sto-3-way","status":"publish","type":"product","link":"https:\/\/www.thunderlane.eu\/pl\/produkt\/lamborghini-sto-3-way\/","title":{"rendered":"Lamborghini STO &#8211; 3 way"},"content":{"rendered":"<section id=\"yvjtvspsjmppobbspmtioocgsdhhrjganfrb\" class=\"brz-section brz-css-mcbkn\" data-uid=\"yvjtvspsjmppobbspmtioocgsdhhrjganfrb\">\n<div class=\"brz-section__content brz-section--boxed brz-css-qucyp brz-css-ucrqq\" data-custom-id=\"yvmbhvfgwkolqejxkbgpomquchctyfgwkjvz\">\n<div class=\"brz-container brz-css-ciidq brz-css-fewen\">\n<div class=\"brz-css-odbiu brz-wrapper\">\n<div class=\"brz-wp-post-content brz-css-dqljz brz-css-uddqh\" data-custom-id=\"ykfhvllkhclxfdvraofqdixzhpuymknifjyv\">\n<div>\n<ul>\n<li>https:\/\/www.instagram.com\/reel\/CxTDPE9Ix4V\/?igsh=YnVsb2ZjeTY4aHFz &#8211; Product review<\/li>\n<li>Amortyzator z mo\u017cliwo\u015bci\u0105 przebudowy<\/li>\n<li>20-krotna regulacja odbicia<\/li>\n<li>34x regulacja kompresji przy niskich obrotach<\/li>\n<li>22x high speed compression adjustment<\/li>\n<li>Dost\u0119pne poszczeg\u00f3lne cz\u0119\u015bci<\/li>\n<li>\u00a02.5\u2033 linear Swift Springs<\/li>\n<li>Spr\u0119\u017cyny wspomagaj\u0105ce<\/li>\n<li>Mo\u017cliwo\u015b\u0107 dostosowania pr\u0119dko\u015bci spr\u0119\u017cyn<\/li>\n<li>Odbojniki z mikrokom\u00f3rkowego poliuretanu<\/li>\n<li>Zaw\u00f3r liniowy\/dygresyjny<\/li>\n<li>Dostosowywana d\u0142ugo\u015b\u0107 w\u0119\u017ca<\/li>\n<li>Spherical bearings &#8211;\u00a0 optional<\/li>\n<li>Rubber mounts &#8211;\u00a0 optional<\/li>\n<li>Quick Disconnect &#8211; optional<\/li>\n<li>There is no warranty, if the product is installed In vehicles used for racing or competition purposes<\/li>\n<\/ul>\n<\/div>\n<\/div>\n<\/div>\n<\/div>\n<\/div>\n<\/section>","protected":false},"excerpt":{"rendered":"<p>https:\/\/www.instagram.com\/reel\/CxTDPE9Ix4V\/?igsh=YnVsb2ZjeTY4aHFz &#8211; Product review Rebuildable shock 20x rebound adjustment 34x low speed compression adjustment 22x high speed compression adjustment Individual parts available \u00a02.5\u2033 linear Swift Springs Helper springs Customizable spring rates Micro Cellular\u00a0Polyurethane Bumpstops Linear\/ Digressive valving Customizable hose length Spherical bearings &#8211;\u00a0 optional Rubber mounts &#8211;\u00a0 optional Quick Disconnect &#8211; optional There is no [&hellip;]<\/p>","protected":false},"featured_media":7289,"comment_status":"open","ping_status":"closed","template":"","meta":[],"product_brand":[83],"product_cat":[46],"product_tag":[],"class_list":{"0":"post-6310","1":"product","2":"type-product","3":"status-publish","4":"has-post-thumbnail","6":"product_brand-lamborghini","7":"product_cat-suspension-kits","9":"first","10":"instock","11":"taxable","12":"shipping-taxable","13":"purchasable","14":"product-type-simple"},"brizy_media":[],"_links":{"self":[{"href":"https:\/\/www.thunderlane.eu\/pl\/wp-json\/wp\/v2\/product\/6310","targetHints":{"allow":["GET"]}}],"collection":[{"href":"https:\/\/www.thunderlane.eu\/pl\/wp-json\/wp\/v2\/product"}],"about":[{"href":"https:\/\/www.thunderlane.eu\/pl\/wp-json\/wp\/v2\/types\/product"}],"replies":[{"embeddable":true,"href":"https:\/\/www.thunderlane.eu\/pl\/wp-json\/wp\/v2\/comments?post=6310"}],"wp:featuredmedia":[{"embeddable":true,"href":"https:\/\/www.thunderlane.eu\/pl\/wp-json\/wp\/v2\/media\/7289"}],"wp:attachment":[{"href":"https:\/\/www.thunderlane.eu\/pl\/wp-json\/wp\/v2\/media?parent=6310"}],"wp:term":[{"taxonomy":"product_brand","embeddable":true,"href":"https:\/\/www.thunderlane.eu\/pl\/wp-json\/wp\/v2\/product_brand?post=6310"},{"taxonomy":"product_cat","embeddable":true,"href":"https:\/\/www.thunderlane.eu\/pl\/wp-json\/wp\/v2\/product_cat?post=6310"},{"taxonomy":"product_tag","embeddable":true,"href":"https:\/\/www.thunderlane.eu\/pl\/wp-json\/wp\/v2\/product_tag?post=6310"}],"curies":[{"name":"wp","href":"https:\/\/api.w.org\/{rel}","templated":true}]}}