{"id":6349,"date":"2024-01-03T15:51:13","date_gmt":"2024-01-03T15:51:13","guid":{"rendered":"https:\/\/www.thunderlane.eu\/?post_type=product&#038;p=6349"},"modified":"2025-10-09T13:53:25","modified_gmt":"2025-10-09T13:53:25","slug":"toyota-gt-gr-86-grip-kit","status":"publish","type":"product","link":"https:\/\/www.thunderlane.eu\/pl\/produkt\/toyota-gt-gr-86-grip-kit\/","title":{"rendered":"Toyota\/Subaru GT\/GR 86 \u2013 \u201cGrip Kit\u201d"},"content":{"rendered":"<section id=\"yvjtvspsjmppobbspmtioocgsdhhrjganfrb\" class=\"brz-section brz-css-qkknf\" data-uid=\"yvjtvspsjmppobbspmtioocgsdhhrjganfrb\">\n<div class=\"brz-section__content brz-section--boxed brz-css-xmsko brz-css-becca\" data-custom-id=\"yvmbhvfgwkolqejxkbgpomquchctyfgwkjvz\">\n<div class=\"brz-bg overflow-hidden !z-auto absolute top-0 left-0 w-full h-full\">\n<div class=\"brz-bg-color absolute top-0 left-0 w-full h-full\"><\/div>\n<\/div>\n<div class=\"brz-container brz-css-pzruj brz-css-qwfdy\">\n<div class=\"brz-css-niehr brz-wrapper\">\n<div class=\"brz-wp-post-content brz-css-gpucr brz-css-cffoi\" data-custom-id=\"ykfhvllkhclxfdvraofqdixzhpuymknifjyv\">\n<div>\n<div class=\"brz-container brz-css-ciidq brz-css-fewen\">\n<div class=\"brz-css-odbiu brz-wrapper\">\n<div class=\"brz-wp-post-content brz-css-dqljz brz-css-uddqh\" data-custom-id=\"ykfhvllkhclxfdvraofqdixzhpuymknifjyv\">\n<div>\n<ul>\n<li>24 mm front adjustable anti roll bar ( 2 holes )<\/li>\n<li>21 mm rear adjustable anti roll bar ( 2 holes )<\/li>\n<li>Regulowane ogniwa ko\u0144cowe<\/li>\n<li>Coilovers (nak\u0142adki)<\/li>\n<\/ul>\n<div><\/div>\n<div>\u00a0 \u00a0 \u00a0 \u00a0Anti-Roll Bars help reduce body roll and allow the vehicle\u2019s handling to be fine tuned to the track and the driver. Kit includes urethane bushings, mounting hardware.<\/div>\n<div><\/div>\n<div>Opis:<\/div>\n<div>\n<ul>\n<li>Mo\u017cliwo\u015b\u0107 regulacji w samochodzie bez konieczno\u015bci od\u0142\u0105czania kt\u00f3regokolwiek z ko\u0144c\u00f3w.<\/li>\n<li>Eliminuje niepo\u017c\u0105dane napi\u0119cie wst\u0119pne dr\u0105\u017cka kierowniczego w obni\u017conych pojazdach i pomaga w wywa\u017caniu na zakr\u0119tach.<\/li>\n<li>Samosmaruj\u0105ce teflonowe (PTFE) bie\u017cnie dla d\u0142ugiej \u017cywotno\u015bci i p\u0142ynnej pracy.<\/li>\n<li>Wsp\u00f3\u0142pracuje z fabrycznymi i aftermarketowymi wahaczami.<\/li>\n<li>Ogniwa ko\u0144cowe s\u0105 wyposa\u017cone w smarowniczki dla d\u0142u\u017cszej \u017cywotno\u015bci<\/li>\n<\/ul>\n<\/div>\n<\/div>\n<\/div>\n<\/div>\n<\/div>\n<\/div>\n<\/div>\n<\/div>\n<\/div>\n<\/div>\n<\/section>","protected":false},"excerpt":{"rendered":"<p>24 mm front adjustable anti roll bar ( 2 holes ) 21 mm rear adjustable anti roll bar ( 2 holes ) Adjustable end links Coilovers \u00a0 \u00a0 \u00a0 \u00a0Anti-Roll Bars help reduce body roll and allow the vehicle\u2019s handling to be fine tuned to the track and the driver. Kit includes urethane bushings, mounting [&hellip;]<\/p>","protected":false},"featured_media":7292,"comment_status":"open","ping_status":"closed","template":"","meta":[],"product_brand":[82,78],"product_cat":[46],"product_tag":[],"class_list":{"0":"post-6349","1":"product","2":"type-product","3":"status-publish","4":"has-post-thumbnail","6":"product_brand-subaru","7":"product_brand-toyota","8":"product_cat-suspension-kits","10":"first","11":"instock","12":"taxable","13":"shipping-taxable","14":"purchasable","15":"product-type-simple"},"brizy_media":[],"_links":{"self":[{"href":"https:\/\/www.thunderlane.eu\/pl\/wp-json\/wp\/v2\/product\/6349","targetHints":{"allow":["GET"]}}],"collection":[{"href":"https:\/\/www.thunderlane.eu\/pl\/wp-json\/wp\/v2\/product"}],"about":[{"href":"https:\/\/www.thunderlane.eu\/pl\/wp-json\/wp\/v2\/types\/product"}],"replies":[{"embeddable":true,"href":"https:\/\/www.thunderlane.eu\/pl\/wp-json\/wp\/v2\/comments?post=6349"}],"wp:featuredmedia":[{"embeddable":true,"href":"https:\/\/www.thunderlane.eu\/pl\/wp-json\/wp\/v2\/media\/7292"}],"wp:attachment":[{"href":"https:\/\/www.thunderlane.eu\/pl\/wp-json\/wp\/v2\/media?parent=6349"}],"wp:term":[{"taxonomy":"product_brand","embeddable":true,"href":"https:\/\/www.thunderlane.eu\/pl\/wp-json\/wp\/v2\/product_brand?post=6349"},{"taxonomy":"product_cat","embeddable":true,"href":"https:\/\/www.thunderlane.eu\/pl\/wp-json\/wp\/v2\/product_cat?post=6349"},{"taxonomy":"product_tag","embeddable":true,"href":"https:\/\/www.thunderlane.eu\/pl\/wp-json\/wp\/v2\/product_tag?post=6349"}],"curies":[{"name":"wp","href":"https:\/\/api.w.org\/{rel}","templated":true}]}}