{"id":6418,"date":"2024-01-25T16:17:59","date_gmt":"2024-01-25T16:17:59","guid":{"rendered":"https:\/\/www.thunderlane.eu\/?post_type=product&#038;p=6418"},"modified":"2024-01-25T16:17:59","modified_gmt":"2024-01-25T16:17:59","slug":"bmw-e30-3-way-custom-setup","status":"publish","type":"product","link":"https:\/\/www.thunderlane.eu\/pl\/produkt\/bmw-e30-3-way-custom-setup\/","title":{"rendered":"BMW E30 \u2013 3 Way Custom Setup"},"content":{"rendered":"<div class=\"brz-container brz-css-abhqk brz-css-ytvka\">\n<div class=\"brz-css-fbijw brz-wrapper\">\n<div class=\"brz-wp-post-content brz-css-bnywa brz-css-nzkjx\" data-custom-id=\"ykfhvllkhclxfdvraofqdixzhpuymknifjyv\">\n<div>\n<div class=\"brz-container brz-css-abhqk brz-css-ytvka\">\n<div class=\"brz-css-fbijw brz-wrapper\">\n<div class=\"brz-wp-post-content brz-css-bnywa brz-css-nzkjx\" data-custom-id=\"ykfhvllkhclxfdvraofqdixzhpuymknifjyv\">\n<div>\n<ul>\n<li>Front upside down technology Based on Subaru GD<\/li>\n<li>Rear true coilover based on BMW E39<\/li>\n<li>Galwanizowany korpus amortyzatora<\/li>\n<li>Inverted Front Strut<\/li>\n<li>Amortyzator z mo\u017cliwo\u015bci\u0105 przebudowy<\/li>\n<li>20-krotna regulacja odbicia<\/li>\n<li>34x regulacja kompresji przy niskich obrotach<\/li>\n<li>18-krotna regulacja kompresji z du\u017c\u0105 pr\u0119dko\u015bci\u0105<\/li>\n<li>Dost\u0119pne poszczeg\u00f3lne cz\u0119\u015bci<\/li>\n<li>\u00a02.5\u2033 linear springs<\/li>\n<li>Spr\u0119\u017cyny wspomagaj\u0105ce<\/li>\n<li>Mo\u017cliwo\u015b\u0107 dostosowania pr\u0119dko\u015bci spr\u0119\u017cyn<\/li>\n<li>Odbojniki z mikrokom\u00f3rkowego poliuretanu<\/li>\n<li>Zaw\u00f3r liniowy\/dygresyjny<\/li>\n<li>Dostosowywana d\u0142ugo\u015b\u0107 w\u0119\u017ca<\/li>\n<li>\u0141o\u017cysko kuliste g\u00f3rne<\/li>\n<\/ul>\n<\/div>\n<\/div>\n<\/div>\n<\/div>\n<\/div>\n<\/div>\n<\/div>\n<\/div>","protected":false},"excerpt":{"rendered":"<p>Front upside down technology Based on Subaru GD Rear true coilover based on BMW E39 Electroplated shock body Inverted Front Strut Rebuildable shock 20x rebound adjustment 34x low speed compression adjustment 18x high speed compression adjustment Individual parts available \u00a02.5\u2033 linear springs Helper springs Customizable spring rates Micro Cellular\u00a0 Polyurethane Bumpstops Linear\/ Digressive valving Customizable [&hellip;]<\/p>","protected":false},"featured_media":6416,"comment_status":"open","ping_status":"closed","template":"","meta":[],"product_brand":[],"product_cat":[15],"product_tag":[],"class_list":{"0":"post-6418","1":"product","2":"type-product","3":"status-publish","4":"has-post-thumbnail","6":"product_cat-uncategorized","8":"first","9":"instock","10":"taxable","11":"shipping-taxable","12":"purchasable","13":"product-type-simple"},"brizy_media":[],"_links":{"self":[{"href":"https:\/\/www.thunderlane.eu\/pl\/wp-json\/wp\/v2\/product\/6418","targetHints":{"allow":["GET"]}}],"collection":[{"href":"https:\/\/www.thunderlane.eu\/pl\/wp-json\/wp\/v2\/product"}],"about":[{"href":"https:\/\/www.thunderlane.eu\/pl\/wp-json\/wp\/v2\/types\/product"}],"replies":[{"embeddable":true,"href":"https:\/\/www.thunderlane.eu\/pl\/wp-json\/wp\/v2\/comments?post=6418"}],"wp:featuredmedia":[{"embeddable":true,"href":"https:\/\/www.thunderlane.eu\/pl\/wp-json\/wp\/v2\/media\/6416"}],"wp:attachment":[{"href":"https:\/\/www.thunderlane.eu\/pl\/wp-json\/wp\/v2\/media?parent=6418"}],"wp:term":[{"taxonomy":"product_brand","embeddable":true,"href":"https:\/\/www.thunderlane.eu\/pl\/wp-json\/wp\/v2\/product_brand?post=6418"},{"taxonomy":"product_cat","embeddable":true,"href":"https:\/\/www.thunderlane.eu\/pl\/wp-json\/wp\/v2\/product_cat?post=6418"},{"taxonomy":"product_tag","embeddable":true,"href":"https:\/\/www.thunderlane.eu\/pl\/wp-json\/wp\/v2\/product_tag?post=6418"}],"curies":[{"name":"wp","href":"https:\/\/api.w.org\/{rel}","templated":true}]}}