{"id":6445,"date":"2024-03-11T15:42:08","date_gmt":"2024-03-11T15:42:08","guid":{"rendered":"https:\/\/www.thunderlane.eu\/?post_type=product&#038;p=6445"},"modified":"2024-03-11T15:42:08","modified_gmt":"2024-03-11T15:42:08","slug":"lexus-is-250-grip-kit","status":"publish","type":"product","link":"https:\/\/www.thunderlane.eu\/pl\/produkt\/lexus-is-250-grip-kit\/","title":{"rendered":"Lexus IS 250 \u2013 \u201cGrip Kit\u201d"},"content":{"rendered":"<div class=\"brz-container brz-css-abhqk brz-css-ytvka\">\n<div class=\"brz-css-fbijw brz-wrapper\">\n<div class=\"brz-wp-post-content brz-css-bnywa brz-css-nzkjx\" data-custom-id=\"ykfhvllkhclxfdvraofqdixzhpuymknifjyv\">\n<div>\n<ul>\n<li>31 mm\u00a0 front adjustable anti roll bar ( 2 holes )<\/li>\n<li>19 mm rear adjustable anti roll bar ( 2 holes )<\/li>\n<li>Regulowane ogniwa ko\u0144cowe<\/li>\n<li>20-krotna regulacja odbicia<\/li>\n<\/ul>\n<div><\/div>\n<div>\u00a0 \u00a0 \u00a0 \u00a0Anti-Roll Bars help reduce body roll and allow the vehicle\u2019s handling to be fine tuned to the track and the driver. Kit includes urethane\u00a0 \u00a0 \u00a0 \u00a0 \u00a0 \u00a0 \u00a0 \u00a0bushings, mounting hardware.<\/div>\n<div><\/div>\n<div>Opis:<\/div>\n<div>\n<ul>\n<li>Mo\u017cliwo\u015b\u0107 regulacji w samochodzie bez konieczno\u015bci od\u0142\u0105czania kt\u00f3regokolwiek z ko\u0144c\u00f3w.<\/li>\n<li>Eliminuje niepo\u017c\u0105dane napi\u0119cie wst\u0119pne dr\u0105\u017cka kierowniczego w obni\u017conych pojazdach i pomaga w wywa\u017caniu na zakr\u0119tach.<\/li>\n<li>Samosmaruj\u0105ce teflonowe (PTFE) bie\u017cnie dla d\u0142ugiej \u017cywotno\u015bci i p\u0142ynnej pracy.<\/li>\n<li>Wsp\u00f3\u0142pracuje z fabrycznymi i aftermarketowymi wahaczami.<\/li>\n<li>Ogniwa ko\u0144cowe s\u0105 wyposa\u017cone w smarowniczki dla d\u0142u\u017cszej \u017cywotno\u015bci<\/li>\n<\/ul>\n<\/div>\n<\/div>\n<\/div>\n<\/div>\n<\/div>","protected":false},"excerpt":{"rendered":"<p>31 mm\u00a0 front adjustable anti roll bar ( 2 holes ) 19 mm rear adjustable anti roll bar ( 2 holes ) Adjustable end links 20x rebound adjustment \u00a0 \u00a0 \u00a0 \u00a0Anti-Roll Bars help reduce body roll and allow the vehicle\u2019s handling to be fine tuned to the track and the driver. Kit includes urethane\u00a0 [&hellip;]<\/p>","protected":false},"featured_media":6446,"comment_status":"open","ping_status":"closed","template":"","meta":[],"product_brand":[],"product_cat":[15],"product_tag":[],"class_list":{"0":"post-6445","1":"product","2":"type-product","3":"status-publish","4":"has-post-thumbnail","6":"product_cat-uncategorized","8":"first","9":"instock","10":"taxable","11":"shipping-taxable","12":"purchasable","13":"product-type-simple"},"brizy_media":[],"_links":{"self":[{"href":"https:\/\/www.thunderlane.eu\/pl\/wp-json\/wp\/v2\/product\/6445","targetHints":{"allow":["GET"]}}],"collection":[{"href":"https:\/\/www.thunderlane.eu\/pl\/wp-json\/wp\/v2\/product"}],"about":[{"href":"https:\/\/www.thunderlane.eu\/pl\/wp-json\/wp\/v2\/types\/product"}],"replies":[{"embeddable":true,"href":"https:\/\/www.thunderlane.eu\/pl\/wp-json\/wp\/v2\/comments?post=6445"}],"wp:featuredmedia":[{"embeddable":true,"href":"https:\/\/www.thunderlane.eu\/pl\/wp-json\/wp\/v2\/media\/6446"}],"wp:attachment":[{"href":"https:\/\/www.thunderlane.eu\/pl\/wp-json\/wp\/v2\/media?parent=6445"}],"wp:term":[{"taxonomy":"product_brand","embeddable":true,"href":"https:\/\/www.thunderlane.eu\/pl\/wp-json\/wp\/v2\/product_brand?post=6445"},{"taxonomy":"product_cat","embeddable":true,"href":"https:\/\/www.thunderlane.eu\/pl\/wp-json\/wp\/v2\/product_cat?post=6445"},{"taxonomy":"product_tag","embeddable":true,"href":"https:\/\/www.thunderlane.eu\/pl\/wp-json\/wp\/v2\/product_tag?post=6445"}],"curies":[{"name":"wp","href":"https:\/\/api.w.org\/{rel}","templated":true}]}}