{"id":6501,"date":"2024-05-24T19:42:08","date_gmt":"2024-05-24T19:42:08","guid":{"rendered":"https:\/\/www.thunderlane.eu\/?post_type=product&#038;p=6501"},"modified":"2025-10-09T14:04:00","modified_gmt":"2025-10-09T14:04:00","slug":"bmw-e92-3-way-upside-down","status":"publish","type":"product","link":"https:\/\/www.thunderlane.eu\/pl\/produkt\/bmw-e92-3-way-upside-down\/","title":{"rendered":"BMW E92 \u2013 3 Way upside-down"},"content":{"rendered":"<div class=\"brz-container brz-css-hybjo brz-css-hblcm\">\n<div class=\"brz-css-ixigy brz-wrapper\">\n<div class=\"brz-wp-post-content brz-css-zbkiv brz-css-iqnsg\" data-custom-id=\"ykfhvllkhclxfdvraofqdixzhpuymknifjyv\">\n<div>\n<div class=\"brz-container brz-css-abhqk brz-css-ytvka\">\n<div class=\"brz-css-fbijw brz-wrapper\">\n<div class=\"brz-wp-post-content brz-css-bnywa brz-css-nzkjx\" data-custom-id=\"ykfhvllkhclxfdvraofqdixzhpuymknifjyv\">\n<div>\n<ul>\n<li>https:\/\/www.instagram.com\/ev_olve_polska\/reel\/C7EH91FCkS2\/ &#8211; Product instalation<\/li>\n<li>Galwanizowany korpus amortyzatora<\/li>\n<li>Inverted Front Strut<\/li>\n<li>Amortyzator z mo\u017cliwo\u015bci\u0105 przebudowy<\/li>\n<li>20-krotna regulacja odbicia<\/li>\n<li>34x regulacja kompresji przy niskich obrotach<\/li>\n<li>18-krotna regulacja kompresji z du\u017c\u0105 pr\u0119dko\u015bci\u0105<\/li>\n<li>Dost\u0119pne poszczeg\u00f3lne cz\u0119\u015bci<\/li>\n<li>\u00a02.5\u2033 linear springs<\/li>\n<li>Spr\u0119\u017cyny wspomagaj\u0105ce<\/li>\n<li>Mo\u017cliwo\u015b\u0107 dostosowania pr\u0119dko\u015bci spr\u0119\u017cyn<\/li>\n<li>Odbojniki z mikrokom\u00f3rkowego poliuretanu<\/li>\n<li>Zaw\u00f3r liniowy\/dygresyjny<\/li>\n<li>Dostosowywana d\u0142ugo\u015b\u0107 w\u0119\u017ca<\/li>\n<li>\u0141o\u017cysko kuliste g\u00f3rne<\/li>\n<\/ul>\n<ul>\n<li>3 lata gwarancji<\/li>\n<\/ul>\n<\/div>\n<\/div>\n<\/div>\n<\/div>\n<\/div>\n<\/div>\n<\/div>\n<\/div>","protected":false},"excerpt":{"rendered":"<p>https:\/\/www.instagram.com\/ev_olve_polska\/reel\/C7EH91FCkS2\/ &#8211; Product instalation Electroplated shock body Inverted Front Strut Rebuildable shock 20x rebound adjustment 34x low speed compression adjustment 18x high speed compression adjustment Individual parts available \u00a02.5\u2033 linear springs Helper springs Customizable spring rates Micro Cellular\u00a0 Polyurethane Bumpstops Linear\/ Digressive valving Customizable hose length Spherical bearing top mount 3-year warranty<\/p>","protected":false},"featured_media":7290,"comment_status":"open","ping_status":"closed","template":"","meta":[],"product_brand":[62],"product_cat":[46],"product_tag":[],"class_list":{"0":"post-6501","1":"product","2":"type-product","3":"status-publish","4":"has-post-thumbnail","6":"product_brand-bmw","7":"product_cat-suspension-kits","9":"first","10":"instock","11":"taxable","12":"shipping-taxable","13":"purchasable","14":"product-type-simple"},"brizy_media":[],"_links":{"self":[{"href":"https:\/\/www.thunderlane.eu\/pl\/wp-json\/wp\/v2\/product\/6501","targetHints":{"allow":["GET"]}}],"collection":[{"href":"https:\/\/www.thunderlane.eu\/pl\/wp-json\/wp\/v2\/product"}],"about":[{"href":"https:\/\/www.thunderlane.eu\/pl\/wp-json\/wp\/v2\/types\/product"}],"replies":[{"embeddable":true,"href":"https:\/\/www.thunderlane.eu\/pl\/wp-json\/wp\/v2\/comments?post=6501"}],"wp:featuredmedia":[{"embeddable":true,"href":"https:\/\/www.thunderlane.eu\/pl\/wp-json\/wp\/v2\/media\/7290"}],"wp:attachment":[{"href":"https:\/\/www.thunderlane.eu\/pl\/wp-json\/wp\/v2\/media?parent=6501"}],"wp:term":[{"taxonomy":"product_brand","embeddable":true,"href":"https:\/\/www.thunderlane.eu\/pl\/wp-json\/wp\/v2\/product_brand?post=6501"},{"taxonomy":"product_cat","embeddable":true,"href":"https:\/\/www.thunderlane.eu\/pl\/wp-json\/wp\/v2\/product_cat?post=6501"},{"taxonomy":"product_tag","embeddable":true,"href":"https:\/\/www.thunderlane.eu\/pl\/wp-json\/wp\/v2\/product_tag?post=6501"}],"curies":[{"name":"wp","href":"https:\/\/api.w.org\/{rel}","templated":true}]}}