{"id":6590,"date":"2024-10-24T16:59:19","date_gmt":"2024-10-24T16:59:19","guid":{"rendered":"https:\/\/www.thunderlane.eu\/?post_type=product&#038;p=6590"},"modified":"2024-10-24T17:03:35","modified_gmt":"2024-10-24T17:03:35","slug":"honda-accord-cp3-viii","status":"publish","type":"product","link":"https:\/\/www.thunderlane.eu\/pl\/produkt\/honda-accord-cp3-viii\/","title":{"rendered":"Honda Accord CP3 ( VIII )"},"content":{"rendered":"<div class=\"brz-bg overflow-hidden !z-auto absolute top-0 left-0 w-full h-full\"><\/div>\n<section id=\"yvjtvspsjmppobbspmtioocgsdhhrjganfrb\" class=\"brz-section brz-css-fbgoo\" data-uid=\"yvjtvspsjmppobbspmtioocgsdhhrjganfrb\">\n<div class=\"brz-section__content brz-section--boxed brz-css-bakai brz-css-ffxib\" data-custom-id=\"yvmbhvfgwkolqejxkbgpomquchctyfgwkjvz\">\n<div class=\"brz-container brz-css-hybjo brz-css-hblcm\">\n<div class=\"brz-css-ixigy brz-wrapper\">\n<div class=\"brz-wp-post-content brz-css-zbkiv brz-css-iqnsg\" data-custom-id=\"ykfhvllkhclxfdvraofqdixzhpuymknifjyv\">\n<div>\n<div class=\"brz-container brz-css-ciidq brz-css-fewen\">\n<div class=\"brz-css-odbiu brz-wrapper\">\n<div class=\"brz-wp-post-content brz-css-dqljz brz-css-uddqh\" data-custom-id=\"ykfhvllkhclxfdvraofqdixzhpuymknifjyv\">\n<div>\n<div class=\"brz-container brz-css-ciidq brz-css-fewen\">\n<div class=\"brz-css-odbiu brz-wrapper\">\n<div class=\"brz-wp-post-content brz-css-dqljz brz-css-uddqh\" data-custom-id=\"ykfhvllkhclxfdvraofqdixzhpuymknifjyv\">\n<div>\n<div>\n<ul>\n<li>Galwanizowany korpus amortyzatora<\/li>\n<li>Amortyzator z mo\u017cliwo\u015bci\u0105 przebudowy<\/li>\n<li>Dost\u0119pne poszczeg\u00f3lne cz\u0119\u015bci<\/li>\n<li>\u00a02.5\u2033 linear springs<\/li>\n<li>Front Spring 12 kg<\/li>\n<li>Rear Spring 6 kg<\/li>\n<li>Long stroke<\/li>\n<li>Mo\u017cliwo\u015b\u0107 dostosowania pr\u0119dko\u015bci spr\u0119\u017cyn<\/li>\n<li>Independent height vs preload adjustment<\/li>\n<li>Odbojniki z mikrokom\u00f3rkowego poliuretanu<\/li>\n<li>20-stopniowa regulacja amortyzacji odbicia<\/li>\n<li>Zaw\u00f3r liniowy\/dygresyjny<\/li>\n<li>3 lata gwarancji<\/li>\n<\/ul>\n<\/div>\n<\/div>\n<\/div>\n<\/div>\n<\/div>\n<\/div>\n<\/div>\n<\/div>\n<\/div>\n<\/div>\n<\/div>\n<\/div>\n<\/div>\n<\/div>\n<\/section>\n<footer id=\"ljucdjbcgqdrlrcaouhjqsmknbwzgrfahbak\" class=\"brz-footer brz-css-myrgv brz-css-icqbj\" data-uid=\"ljucdjbcgqdrlrcaouhjqsmknbwzgrfahbak\" data-custom-id=\"ljucdjbcgqdrlrcaouhjqsmknbwzgrfahbak\">\n<div class=\"brz-bg overflow-hidden !z-auto absolute top-0 left-0 w-full h-full\">\n<div class=\"brz-bg-color absolute top-0 left-0 w-full h-full\"><\/div>\n<\/div>\n<\/footer>","protected":false},"excerpt":{"rendered":"<p>Electroplated shock body Rebuildable shock Individual parts available \u00a02.5\u2033 linear springs Front Spring 12 kg Rear Spring 6 kg Long stroke Customizable spring rates Independent height vs preload adjustment Micro Cellular\u00a0Polyurethane Bumpstops 20-way\u00a0rebound damping adjustment Linear\/ Digressive valving 3-year warranty<\/p>","protected":false},"featured_media":6592,"comment_status":"open","ping_status":"closed","template":"","meta":[],"product_brand":[],"product_cat":[15],"product_tag":[],"class_list":{"0":"post-6590","1":"product","2":"type-product","3":"status-publish","4":"has-post-thumbnail","6":"product_cat-uncategorized","8":"first","9":"instock","10":"taxable","11":"shipping-taxable","12":"purchasable","13":"product-type-simple"},"brizy_media":[],"_links":{"self":[{"href":"https:\/\/www.thunderlane.eu\/pl\/wp-json\/wp\/v2\/product\/6590","targetHints":{"allow":["GET"]}}],"collection":[{"href":"https:\/\/www.thunderlane.eu\/pl\/wp-json\/wp\/v2\/product"}],"about":[{"href":"https:\/\/www.thunderlane.eu\/pl\/wp-json\/wp\/v2\/types\/product"}],"replies":[{"embeddable":true,"href":"https:\/\/www.thunderlane.eu\/pl\/wp-json\/wp\/v2\/comments?post=6590"}],"wp:featuredmedia":[{"embeddable":true,"href":"https:\/\/www.thunderlane.eu\/pl\/wp-json\/wp\/v2\/media\/6592"}],"wp:attachment":[{"href":"https:\/\/www.thunderlane.eu\/pl\/wp-json\/wp\/v2\/media?parent=6590"}],"wp:term":[{"taxonomy":"product_brand","embeddable":true,"href":"https:\/\/www.thunderlane.eu\/pl\/wp-json\/wp\/v2\/product_brand?post=6590"},{"taxonomy":"product_cat","embeddable":true,"href":"https:\/\/www.thunderlane.eu\/pl\/wp-json\/wp\/v2\/product_cat?post=6590"},{"taxonomy":"product_tag","embeddable":true,"href":"https:\/\/www.thunderlane.eu\/pl\/wp-json\/wp\/v2\/product_tag?post=6590"}],"curies":[{"name":"wp","href":"https:\/\/api.w.org\/{rel}","templated":true}]}}