{"id":6826,"date":"2025-07-18T15:32:27","date_gmt":"2025-07-18T15:32:27","guid":{"rendered":"https:\/\/www.thunderlane.eu\/?post_type=product&#038;p=6826"},"modified":"2025-10-09T13:02:41","modified_gmt":"2025-10-09T13:02:41","slug":"renault-megane-rs2","status":"publish","type":"product","link":"https:\/\/www.thunderlane.eu\/pl\/produkt\/renault-megane-rs2\/","title":{"rendered":"Renault Megane RS2"},"content":{"rendered":"<ul>\n<li>Galwanizowany korpus amortyzatora<\/li>\n<li>Amortyzator z mo\u017cliwo\u015bci\u0105 przebudowy<\/li>\n<li>Front Camber Plates<\/li>\n<li>Front upside down<\/li>\n<li>20-krotna regulacja odbicia<\/li>\n<li>Dost\u0119pne poszczeg\u00f3lne cz\u0119\u015bci<\/li>\n<li>\u00a02.5\u2033 linear springs<\/li>\n<li>Rear shocks with external reservoir<\/li>\n<li>Independent height vs preload adjustment<\/li>\n<li>Mo\u017cliwo\u015b\u0107 dostosowania pr\u0119dko\u015bci spr\u0119\u017cyn<\/li>\n<li>Odbojniki z mikrokom\u00f3rkowego poliuretanu<\/li>\n<li>Zaw\u00f3r liniowy\/dygresyjny<\/li>\n<li>Dostosowywana d\u0142ugo\u015b\u0107 w\u0119\u017ca<\/li>\n<li>\u0141o\u017cysko kuliste g\u00f3rne<\/li>\n<\/ul>","protected":false},"excerpt":{"rendered":"<p>Electroplated shock body Rebuildable shock Front Camber Plates Front upside down 20x rebound adjustment Individual parts available \u00a02.5\u2033 linear springs Rear shocks with external reservoir Independent height vs preload adjustment Customizable spring rates Micro Cellular\u00a0 Polyurethane Bumpstops Linear\/ Digressive valving Customizable hose length Spherical bearing top mount<\/p>","protected":false},"featured_media":6827,"comment_status":"open","ping_status":"closed","template":"","meta":[],"product_brand":[77],"product_cat":[46],"product_tag":[],"class_list":{"0":"post-6826","1":"product","2":"type-product","3":"status-publish","4":"has-post-thumbnail","6":"product_brand-renault","7":"product_cat-suspension-kits","9":"first","10":"instock","11":"taxable","12":"shipping-taxable","13":"purchasable","14":"product-type-simple"},"brizy_media":[],"_links":{"self":[{"href":"https:\/\/www.thunderlane.eu\/pl\/wp-json\/wp\/v2\/product\/6826","targetHints":{"allow":["GET"]}}],"collection":[{"href":"https:\/\/www.thunderlane.eu\/pl\/wp-json\/wp\/v2\/product"}],"about":[{"href":"https:\/\/www.thunderlane.eu\/pl\/wp-json\/wp\/v2\/types\/product"}],"replies":[{"embeddable":true,"href":"https:\/\/www.thunderlane.eu\/pl\/wp-json\/wp\/v2\/comments?post=6826"}],"wp:featuredmedia":[{"embeddable":true,"href":"https:\/\/www.thunderlane.eu\/pl\/wp-json\/wp\/v2\/media\/6827"}],"wp:attachment":[{"href":"https:\/\/www.thunderlane.eu\/pl\/wp-json\/wp\/v2\/media?parent=6826"}],"wp:term":[{"taxonomy":"product_brand","embeddable":true,"href":"https:\/\/www.thunderlane.eu\/pl\/wp-json\/wp\/v2\/product_brand?post=6826"},{"taxonomy":"product_cat","embeddable":true,"href":"https:\/\/www.thunderlane.eu\/pl\/wp-json\/wp\/v2\/product_cat?post=6826"},{"taxonomy":"product_tag","embeddable":true,"href":"https:\/\/www.thunderlane.eu\/pl\/wp-json\/wp\/v2\/product_tag?post=6826"}],"curies":[{"name":"wp","href":"https:\/\/api.w.org\/{rel}","templated":true}]}}