{"id":7109,"date":"2025-09-10T11:47:05","date_gmt":"2025-09-10T11:47:05","guid":{"rendered":"https:\/\/www.thunderlane.eu\/?post_type=product&#038;p=7109"},"modified":"2025-10-09T12:41:52","modified_gmt":"2025-10-09T12:41:52","slug":"bmw-e60-gr86-3-way-drift-spec","status":"publish","type":"product","link":"https:\/\/www.thunderlane.eu\/pl\/produkt\/bmw-e60-gr86-3-way-drift-spec\/","title":{"rendered":"BMW E60\/ GR86 \u2013 3 Way ( DRIFT SPEC )"},"content":{"rendered":"<div class=\"brz-container brz-css-hybjo brz-css-hblcm\">\n<div class=\"brz-css-ixigy brz-wrapper\">\n<div class=\"brz-wp-post-content brz-css-zbkiv brz-css-iqnsg\" data-custom-id=\"ykfhvllkhclxfdvraofqdixzhpuymknifjyv\">\n<div>\n<ul>\n<li>Galwanizowany korpus amortyzatora<\/li>\n<li>Amortyzator z mo\u017cliwo\u015bci\u0105 przebudowy<\/li>\n<li>20-krotna regulacja odbicia<\/li>\n<li>34x regulacja kompresji przy niskich obrotach<\/li>\n<li>24x high speed compression adjustment<\/li>\n<li>Dost\u0119pne poszczeg\u00f3lne cz\u0119\u015bci<\/li>\n<li>\u00a02.5\u2033 linear springs<\/li>\n<li>Spr\u0119\u017cyny wspomagaj\u0105ce<\/li>\n<li>Mo\u017cliwo\u015b\u0107 dostosowania pr\u0119dko\u015bci spr\u0119\u017cyn<\/li>\n<li>Odbojniki z mikrokom\u00f3rkowego poliuretanu<\/li>\n<li>Digressive valving<\/li>\n<li>Dostosowywana d\u0142ugo\u015b\u0107 w\u0119\u017ca<\/li>\n<li>\u0141o\u017cysko bary\u0142kowe g\u00f3rne standardowe<\/li>\n<li>Rear uniball bottom mounts<\/li>\n<li>3 lata gwarancji<\/li>\n<\/ul>\n<\/div>\n<\/div>\n<\/div>\n<\/div>","protected":false},"excerpt":{"rendered":"<p>Electroplated shock body Rebuildable shock 20x rebound adjustment 34x low speed compression adjustment 24x high speed compression adjustment Individual parts available \u00a02.5\u2033 linear springs Helper springs Customizable spring rates Micro Cellular\u00a0Polyurethane Bumpstops Digressive valving Customizable hose length Spherical bearing top mount standard Rear uniball bottom mounts 3-year warranty<\/p>","protected":false},"featured_media":7110,"comment_status":"open","ping_status":"closed","template":"","meta":[],"product_brand":[62],"product_cat":[46],"product_tag":[],"class_list":{"0":"post-7109","1":"product","2":"type-product","3":"status-publish","4":"has-post-thumbnail","6":"product_brand-bmw","7":"product_cat-suspension-kits","9":"first","10":"instock","11":"taxable","12":"shipping-taxable","13":"purchasable","14":"product-type-simple"},"brizy_media":[],"_links":{"self":[{"href":"https:\/\/www.thunderlane.eu\/pl\/wp-json\/wp\/v2\/product\/7109","targetHints":{"allow":["GET"]}}],"collection":[{"href":"https:\/\/www.thunderlane.eu\/pl\/wp-json\/wp\/v2\/product"}],"about":[{"href":"https:\/\/www.thunderlane.eu\/pl\/wp-json\/wp\/v2\/types\/product"}],"replies":[{"embeddable":true,"href":"https:\/\/www.thunderlane.eu\/pl\/wp-json\/wp\/v2\/comments?post=7109"}],"wp:featuredmedia":[{"embeddable":true,"href":"https:\/\/www.thunderlane.eu\/pl\/wp-json\/wp\/v2\/media\/7110"}],"wp:attachment":[{"href":"https:\/\/www.thunderlane.eu\/pl\/wp-json\/wp\/v2\/media?parent=7109"}],"wp:term":[{"taxonomy":"product_brand","embeddable":true,"href":"https:\/\/www.thunderlane.eu\/pl\/wp-json\/wp\/v2\/product_brand?post=7109"},{"taxonomy":"product_cat","embeddable":true,"href":"https:\/\/www.thunderlane.eu\/pl\/wp-json\/wp\/v2\/product_cat?post=7109"},{"taxonomy":"product_tag","embeddable":true,"href":"https:\/\/www.thunderlane.eu\/pl\/wp-json\/wp\/v2\/product_tag?post=7109"}],"curies":[{"name":"wp","href":"https:\/\/api.w.org\/{rel}","templated":true}]}}