{"id":7137,"date":"2025-09-11T14:21:31","date_gmt":"2025-09-11T14:21:31","guid":{"rendered":"https:\/\/www.thunderlane.eu\/?post_type=product&#038;p=7137"},"modified":"2025-10-09T10:35:48","modified_gmt":"2025-10-09T10:35:48","slug":"lexus-is-250-2","status":"publish","type":"product","link":"https:\/\/www.thunderlane.eu\/pl\/produkt\/lexus-is-250-2\/","title":{"rendered":"Lexus IS 250"},"content":{"rendered":"<ul>\n<li>Galwanizowany korpus amortyzatora<\/li>\n<li>Amortyzator z mo\u017cliwo\u015bci\u0105 przebudowy<\/li>\n<li>20-krotna regulacja odbicia<\/li>\n<li>Dost\u0119pne poszczeg\u00f3lne cz\u0119\u015bci<\/li>\n<li>2.5\u2033 linear springs<\/li>\n<li>Mo\u017cliwo\u015b\u0107 dostosowania pr\u0119dko\u015bci spr\u0119\u017cyn<\/li>\n<li>\u0141o\u017cysko kuliste g\u00f3rne<\/li>\n<li>Independent preload vs ride height adjustment<\/li>\n<li>46 mm digressive valving<\/li>\n<\/ul>","protected":false},"excerpt":{"rendered":"<p>Electroplated shock body Rebuildable shock 20x rebound adjustment Individual parts available 2.5\u2033 linear springs Customizable spring rates Spherical bearing top mount Independent preload vs ride height adjustment 46 mm digressive valving<\/p>","protected":false},"featured_media":7138,"comment_status":"open","ping_status":"closed","template":"","meta":[],"product_brand":[72],"product_cat":[46],"product_tag":[],"class_list":{"0":"post-7137","1":"product","2":"type-product","3":"status-publish","4":"has-post-thumbnail","6":"product_brand-lexus","7":"product_cat-suspension-kits","9":"first","10":"instock","11":"taxable","12":"shipping-taxable","13":"purchasable","14":"product-type-simple"},"brizy_media":[],"_links":{"self":[{"href":"https:\/\/www.thunderlane.eu\/pl\/wp-json\/wp\/v2\/product\/7137","targetHints":{"allow":["GET"]}}],"collection":[{"href":"https:\/\/www.thunderlane.eu\/pl\/wp-json\/wp\/v2\/product"}],"about":[{"href":"https:\/\/www.thunderlane.eu\/pl\/wp-json\/wp\/v2\/types\/product"}],"replies":[{"embeddable":true,"href":"https:\/\/www.thunderlane.eu\/pl\/wp-json\/wp\/v2\/comments?post=7137"}],"wp:featuredmedia":[{"embeddable":true,"href":"https:\/\/www.thunderlane.eu\/pl\/wp-json\/wp\/v2\/media\/7138"}],"wp:attachment":[{"href":"https:\/\/www.thunderlane.eu\/pl\/wp-json\/wp\/v2\/media?parent=7137"}],"wp:term":[{"taxonomy":"product_brand","embeddable":true,"href":"https:\/\/www.thunderlane.eu\/pl\/wp-json\/wp\/v2\/product_brand?post=7137"},{"taxonomy":"product_cat","embeddable":true,"href":"https:\/\/www.thunderlane.eu\/pl\/wp-json\/wp\/v2\/product_cat?post=7137"},{"taxonomy":"product_tag","embeddable":true,"href":"https:\/\/www.thunderlane.eu\/pl\/wp-json\/wp\/v2\/product_tag?post=7137"}],"curies":[{"name":"wp","href":"https:\/\/api.w.org\/{rel}","templated":true}]}}