{"id":7139,"date":"2025-09-11T14:26:33","date_gmt":"2025-09-11T14:26:33","guid":{"rendered":"https:\/\/www.thunderlane.eu\/?post_type=product&#038;p=7139"},"modified":"2025-10-09T14:53:32","modified_gmt":"2025-10-09T14:53:32","slug":"lotus-exige-3-way-2","status":"publish","type":"product","link":"https:\/\/www.thunderlane.eu\/pl\/produkt\/lotus-exige-3-way-2\/","title":{"rendered":"Lotus Exige \u2013 3 way"},"content":{"rendered":"<ul>\n<li>https:\/\/www.instagram.com\/thunderlane.eu\/reel\/DDY4lh0iD1F\/ &#8211; Product review<\/li>\n<li>Amortyzator z mo\u017cliwo\u015bci\u0105 przebudowy<\/li>\n<li>20-krotna regulacja odbicia<\/li>\n<li>34x regulacja kompresji przy niskich obrotach<\/li>\n<li>22x high speed compression adjustment<\/li>\n<li>Dost\u0119pne poszczeg\u00f3lne cz\u0119\u015bci<\/li>\n<li>\u00a02.25\u2033 linear Faulkners Springs<\/li>\n<li>Mo\u017cliwo\u015b\u0107 dostosowania pr\u0119dko\u015bci spr\u0119\u017cyn<\/li>\n<li>Odbojniki z mikrokom\u00f3rkowego poliuretanu<\/li>\n<li>Digressive valving<\/li>\n<li>Dostosowywana d\u0142ugo\u015b\u0107 w\u0119\u017ca<\/li>\n<li>Spherical bearings \u2013\u00a0 optional<\/li>\n<li>Customized shock body lenghts<\/li>\n<li>There is no warranty, if the product is installed In vehicles used for racing or competition purposes<\/li>\n<\/ul>","protected":false},"excerpt":{"rendered":"<p><img fetchpriority=\"high\" decoding=\"async\" class=\"alignnone size-medium wp-image-7226\" src=\"https:\/\/www.thunderlane.eu\/wp-content\/uploads\/2025\/09\/image00005-240x300.jpeg\" alt=\"\" width=\"240\" height=\"300\" srcset=\"https:\/\/www.thunderlane.eu\/wp-content\/uploads\/2025\/09\/image00005-240x300.jpeg 240w, https:\/\/www.thunderlane.eu\/wp-content\/uploads\/2025\/09\/image00005-819x1024.jpeg 819w, https:\/\/www.thunderlane.eu\/wp-content\/uploads\/2025\/09\/image00005-768x960.jpeg 768w, https:\/\/www.thunderlane.eu\/wp-content\/uploads\/2025\/09\/image00005-1229x1536.jpeg 1229w, https:\/\/www.thunderlane.eu\/wp-content\/uploads\/2025\/09\/image00005-1638x2048.jpeg 1638w, https:\/\/www.thunderlane.eu\/wp-content\/uploads\/2025\/09\/image00005-10x12.jpeg 10w, https:\/\/www.thunderlane.eu\/wp-content\/uploads\/2025\/09\/image00005-510x638.jpeg 510w, https:\/\/www.thunderlane.eu\/wp-content\/uploads\/2025\/09\/image00005-scaled.jpeg 2048w\" sizes=\"(max-width: 240px) 100vw, 240px\" \/> <img decoding=\"async\" class=\"alignnone size-medium wp-image-7227\" src=\"https:\/\/www.thunderlane.eu\/wp-content\/uploads\/2025\/09\/image00001-240x300.jpeg\" alt=\"\" width=\"240\" height=\"300\" srcset=\"https:\/\/www.thunderlane.eu\/wp-content\/uploads\/2025\/09\/image00001-240x300.jpeg 240w, https:\/\/www.thunderlane.eu\/wp-content\/uploads\/2025\/09\/image00001-819x1024.jpeg 819w, https:\/\/www.thunderlane.eu\/wp-content\/uploads\/2025\/09\/image00001-768x960.jpeg 768w, https:\/\/www.thunderlane.eu\/wp-content\/uploads\/2025\/09\/image00001-1229x1536.jpeg 1229w, https:\/\/www.thunderlane.eu\/wp-content\/uploads\/2025\/09\/image00001-1638x2048.jpeg 1638w, https:\/\/www.thunderlane.eu\/wp-content\/uploads\/2025\/09\/image00001-10x12.jpeg 10w, https:\/\/www.thunderlane.eu\/wp-content\/uploads\/2025\/09\/image00001-510x638.jpeg 510w, https:\/\/www.thunderlane.eu\/wp-content\/uploads\/2025\/09\/image00001-scaled.jpeg 2048w\" sizes=\"(max-width: 240px) 100vw, 240px\" \/><\/p>","protected":false},"featured_media":7140,"comment_status":"open","ping_status":"closed","template":"","meta":[],"product_brand":[73],"product_cat":[46],"product_tag":[],"class_list":{"0":"post-7139","1":"product","2":"type-product","3":"status-publish","4":"has-post-thumbnail","6":"product_brand-lotus","7":"product_cat-suspension-kits","9":"first","10":"instock","11":"taxable","12":"shipping-taxable","13":"purchasable","14":"product-type-simple"},"brizy_media":[],"_links":{"self":[{"href":"https:\/\/www.thunderlane.eu\/pl\/wp-json\/wp\/v2\/product\/7139","targetHints":{"allow":["GET"]}}],"collection":[{"href":"https:\/\/www.thunderlane.eu\/pl\/wp-json\/wp\/v2\/product"}],"about":[{"href":"https:\/\/www.thunderlane.eu\/pl\/wp-json\/wp\/v2\/types\/product"}],"replies":[{"embeddable":true,"href":"https:\/\/www.thunderlane.eu\/pl\/wp-json\/wp\/v2\/comments?post=7139"}],"wp:featuredmedia":[{"embeddable":true,"href":"https:\/\/www.thunderlane.eu\/pl\/wp-json\/wp\/v2\/media\/7140"}],"wp:attachment":[{"href":"https:\/\/www.thunderlane.eu\/pl\/wp-json\/wp\/v2\/media?parent=7139"}],"wp:term":[{"taxonomy":"product_brand","embeddable":true,"href":"https:\/\/www.thunderlane.eu\/pl\/wp-json\/wp\/v2\/product_brand?post=7139"},{"taxonomy":"product_cat","embeddable":true,"href":"https:\/\/www.thunderlane.eu\/pl\/wp-json\/wp\/v2\/product_cat?post=7139"},{"taxonomy":"product_tag","embeddable":true,"href":"https:\/\/www.thunderlane.eu\/pl\/wp-json\/wp\/v2\/product_tag?post=7139"}],"curies":[{"name":"wp","href":"https:\/\/api.w.org\/{rel}","templated":true}]}}