{"id":7145,"date":"2025-09-11T14:43:47","date_gmt":"2025-09-11T14:43:47","guid":{"rendered":"https:\/\/www.thunderlane.eu\/?post_type=product&#038;p=7145"},"modified":"2025-10-09T15:13:54","modified_gmt":"2025-10-09T15:13:54","slug":"mazda-mx5-nd-long-stroke","status":"publish","type":"product","link":"https:\/\/www.thunderlane.eu\/pl\/produkt\/mazda-mx5-nd-long-stroke\/","title":{"rendered":"Mazda MX5 (ND) Long Stroke"},"content":{"rendered":"<ul>\n<li>Galwanizowany korpus amortyzatora<\/li>\n<li>Amortyzator z mo\u017cliwo\u015bci\u0105 przebudowy<\/li>\n<li>Front Spring Rate 5-6 kg<\/li>\n<li>Rear Spring Rate 4 kg<\/li>\n<li>Long stroke<\/li>\n<li>Dost\u0119pne poszczeg\u00f3lne cz\u0119\u015bci<\/li>\n<li>\u00a02.5\u2033 linear springs<\/li>\n<li>Spr\u0119\u017cyny wspomagaj\u0105ce<\/li>\n<li>Mo\u017cliwo\u015b\u0107 dostosowania pr\u0119dko\u015bci spr\u0119\u017cyn<\/li>\n<li>Odbojniki z mikrokom\u00f3rkowego poliuretanu<\/li>\n<li>Digressive valving<\/li>\n<li>Spherical bearing top mount\/ rubber top hats available<\/li>\n<li>3 lata gwarancji<\/li>\n<\/ul>","protected":false},"excerpt":{"rendered":"<p><img fetchpriority=\"high\" decoding=\"async\" class=\"alignnone size-medium wp-image-7220\" src=\"https:\/\/www.thunderlane.eu\/wp-content\/uploads\/2025\/09\/DSZ01220-300x200.jpg\" alt=\"\" width=\"300\" height=\"200\" srcset=\"https:\/\/www.thunderlane.eu\/wp-content\/uploads\/2025\/09\/DSZ01220-300x200.jpg 300w, https:\/\/www.thunderlane.eu\/wp-content\/uploads\/2025\/09\/DSZ01220-1024x683.jpg 1024w, https:\/\/www.thunderlane.eu\/wp-content\/uploads\/2025\/09\/DSZ01220-768x512.jpg 768w, https:\/\/www.thunderlane.eu\/wp-content\/uploads\/2025\/09\/DSZ01220-1536x1024.jpg 1536w, https:\/\/www.thunderlane.eu\/wp-content\/uploads\/2025\/09\/DSZ01220-2048x1365.jpg 2048w, https:\/\/www.thunderlane.eu\/wp-content\/uploads\/2025\/09\/DSZ01220-18x12.jpg 18w, https:\/\/www.thunderlane.eu\/wp-content\/uploads\/2025\/09\/DSZ01220-510x340.jpg 510w\" sizes=\"(max-width: 300px) 100vw, 300px\" \/> <img decoding=\"async\" class=\"alignnone size-medium wp-image-7221\" src=\"https:\/\/www.thunderlane.eu\/wp-content\/uploads\/2025\/09\/DSZ01222-300x200.jpg\" alt=\"\" width=\"300\" height=\"200\" srcset=\"https:\/\/www.thunderlane.eu\/wp-content\/uploads\/2025\/09\/DSZ01222-300x200.jpg 300w, https:\/\/www.thunderlane.eu\/wp-content\/uploads\/2025\/09\/DSZ01222-1024x683.jpg 1024w, https:\/\/www.thunderlane.eu\/wp-content\/uploads\/2025\/09\/DSZ01222-768x512.jpg 768w, https:\/\/www.thunderlane.eu\/wp-content\/uploads\/2025\/09\/DSZ01222-1536x1024.jpg 1536w, https:\/\/www.thunderlane.eu\/wp-content\/uploads\/2025\/09\/DSZ01222-2048x1365.jpg 2048w, https:\/\/www.thunderlane.eu\/wp-content\/uploads\/2025\/09\/DSZ01222-18x12.jpg 18w, https:\/\/www.thunderlane.eu\/wp-content\/uploads\/2025\/09\/DSZ01222-510x340.jpg 510w\" sizes=\"(max-width: 300px) 100vw, 300px\" \/><\/p>","protected":false},"featured_media":7146,"comment_status":"open","ping_status":"closed","template":"","meta":[],"product_brand":[63],"product_cat":[46],"product_tag":[],"class_list":{"0":"post-7145","1":"product","2":"type-product","3":"status-publish","4":"has-post-thumbnail","6":"product_brand-mazda","7":"product_cat-suspension-kits","9":"first","10":"instock","11":"taxable","12":"shipping-taxable","13":"purchasable","14":"product-type-simple"},"brizy_media":[],"_links":{"self":[{"href":"https:\/\/www.thunderlane.eu\/pl\/wp-json\/wp\/v2\/product\/7145","targetHints":{"allow":["GET"]}}],"collection":[{"href":"https:\/\/www.thunderlane.eu\/pl\/wp-json\/wp\/v2\/product"}],"about":[{"href":"https:\/\/www.thunderlane.eu\/pl\/wp-json\/wp\/v2\/types\/product"}],"replies":[{"embeddable":true,"href":"https:\/\/www.thunderlane.eu\/pl\/wp-json\/wp\/v2\/comments?post=7145"}],"wp:featuredmedia":[{"embeddable":true,"href":"https:\/\/www.thunderlane.eu\/pl\/wp-json\/wp\/v2\/media\/7146"}],"wp:attachment":[{"href":"https:\/\/www.thunderlane.eu\/pl\/wp-json\/wp\/v2\/media?parent=7145"}],"wp:term":[{"taxonomy":"product_brand","embeddable":true,"href":"https:\/\/www.thunderlane.eu\/pl\/wp-json\/wp\/v2\/product_brand?post=7145"},{"taxonomy":"product_cat","embeddable":true,"href":"https:\/\/www.thunderlane.eu\/pl\/wp-json\/wp\/v2\/product_cat?post=7145"},{"taxonomy":"product_tag","embeddable":true,"href":"https:\/\/www.thunderlane.eu\/pl\/wp-json\/wp\/v2\/product_tag?post=7145"}],"curies":[{"name":"wp","href":"https:\/\/api.w.org\/{rel}","templated":true}]}}