{"id":7149,"date":"2025-09-11T15:01:37","date_gmt":"2025-09-11T15:01:37","guid":{"rendered":"https:\/\/www.thunderlane.eu\/?post_type=product&#038;p=7149"},"modified":"2025-10-09T10:30:17","modified_gmt":"2025-10-09T10:30:17","slug":"mazda-mx5-nanb-3-inch-lift-2","status":"publish","type":"product","link":"https:\/\/www.thunderlane.eu\/pl\/produkt\/mazda-mx5-nanb-3-inch-lift-2\/","title":{"rendered":"Mazda MX5 (NA,NB) \u2013 3 inch Lift"},"content":{"rendered":"<ul>\n<li>Designed for Lifted Miata<\/li>\n<li>Tylne amortyzatory wyposa\u017cone w rezerwuar, aby zmaksymalizowa\u0107 skoki nier\u00f3wno\u015bci.<\/li>\n<li>Spr\u0119\u017cyny liniowe<\/li>\n<li>Front 6 kg Springs<\/li>\n<li>Rear 5 kg Springs<\/li>\n<li>Stal galwanizowana<\/li>\n<li>Odbudowywane amortyzatory jednorurowe<\/li>\n<li>Regulacja wysoko\u015bci<\/li>\n<li>20-stopniowa regulacja amortyzacji odbicia<\/li>\n<li>G\u00f3rne mocowania na \u0142o\u017cyskach sferycznych w standardzie<\/li>\n<li>Dost\u0119pne poszczeg\u00f3lne cz\u0119\u015bci<\/li>\n<\/ul>","protected":false},"excerpt":{"rendered":"<p>Designed for Lifted Miata Rear shocks fitted with reservoir to maximize bump travel Linear Rate Springs Front 6 kg Springs Rear 5 kg Springs Electro-Plated Steel Rebuildable Monotube Shock Height adjustable 20-way\u00a0rebound damping adjustment Spherical bearing upper mounts standard Individual Parts Available<\/p>","protected":false},"featured_media":7150,"comment_status":"open","ping_status":"closed","template":"","meta":[],"product_brand":[63],"product_cat":[46],"product_tag":[],"class_list":{"0":"post-7149","1":"product","2":"type-product","3":"status-publish","4":"has-post-thumbnail","6":"product_brand-mazda","7":"product_cat-suspension-kits","9":"first","10":"instock","11":"taxable","12":"shipping-taxable","13":"purchasable","14":"product-type-simple"},"brizy_media":[],"_links":{"self":[{"href":"https:\/\/www.thunderlane.eu\/pl\/wp-json\/wp\/v2\/product\/7149","targetHints":{"allow":["GET"]}}],"collection":[{"href":"https:\/\/www.thunderlane.eu\/pl\/wp-json\/wp\/v2\/product"}],"about":[{"href":"https:\/\/www.thunderlane.eu\/pl\/wp-json\/wp\/v2\/types\/product"}],"replies":[{"embeddable":true,"href":"https:\/\/www.thunderlane.eu\/pl\/wp-json\/wp\/v2\/comments?post=7149"}],"wp:featuredmedia":[{"embeddable":true,"href":"https:\/\/www.thunderlane.eu\/pl\/wp-json\/wp\/v2\/media\/7150"}],"wp:attachment":[{"href":"https:\/\/www.thunderlane.eu\/pl\/wp-json\/wp\/v2\/media?parent=7149"}],"wp:term":[{"taxonomy":"product_brand","embeddable":true,"href":"https:\/\/www.thunderlane.eu\/pl\/wp-json\/wp\/v2\/product_brand?post=7149"},{"taxonomy":"product_cat","embeddable":true,"href":"https:\/\/www.thunderlane.eu\/pl\/wp-json\/wp\/v2\/product_cat?post=7149"},{"taxonomy":"product_tag","embeddable":true,"href":"https:\/\/www.thunderlane.eu\/pl\/wp-json\/wp\/v2\/product_tag?post=7149"}],"curies":[{"name":"wp","href":"https:\/\/api.w.org\/{rel}","templated":true}]}}