{"id":7164,"date":"2025-09-18T08:49:12","date_gmt":"2025-09-18T08:49:12","guid":{"rendered":"https:\/\/www.thunderlane.eu\/?post_type=product&#038;p=7164"},"modified":"2025-10-09T11:18:03","modified_gmt":"2025-10-09T11:18:03","slug":"mazda-mx5-nc-grip-kit-2","status":"publish","type":"product","link":"https:\/\/www.thunderlane.eu\/pl\/produkt\/mazda-mx5-nc-grip-kit-2\/","title":{"rendered":"Mazda MX5 (NC) \u2013 \u201cGrip Kit\u201d"},"content":{"rendered":"<ul>\n<li>25 mm front adjustable anti roll bar ( 3 holes )<\/li>\n<li>14 mm rear adjustable anti roll bar ( 3 holes )<\/li>\n<li>Regulowane ogniwa ko\u0144cowe<\/li>\n<li>3 way coilovers<\/li>\n<\/ul>\n<div><\/div>\n<div>\u00a0 \u00a0 \u00a0 \u00a0Anti-Roll Bars help reduce body roll and allow the vehicle\u2019s handling to be fine tuned to the track and the driver. Kit includes urethane\u00a0 \u00a0 \u00a0 \u00a0 \u00a0 \u00a0 \u00a0 \u00a0bushings, mounting hardware.<\/div>\n<div><\/div>\n<div>Opis:<\/div>\n<div>\n<ul>\n<li>Mo\u017cliwo\u015b\u0107 regulacji w samochodzie bez konieczno\u015bci od\u0142\u0105czania kt\u00f3regokolwiek z ko\u0144c\u00f3w.<\/li>\n<li>Eliminuje niepo\u017c\u0105dane napi\u0119cie wst\u0119pne dr\u0105\u017cka kierowniczego w obni\u017conych pojazdach i pomaga w wywa\u017caniu na zakr\u0119tach.<\/li>\n<li>Samosmaruj\u0105ce teflonowe (PTFE) bie\u017cnie dla d\u0142ugiej \u017cywotno\u015bci i p\u0142ynnej pracy.<\/li>\n<li>Wsp\u00f3\u0142pracuje z fabrycznymi i aftermarketowymi wahaczami.<\/li>\n<li>Ogniwa ko\u0144cowe s\u0105 wyposa\u017cone w smarowniczki dla d\u0142u\u017cszej \u017cywotno\u015bci<\/li>\n<\/ul>\n<\/div>","protected":false},"excerpt":{"rendered":"<p>25 mm front adjustable anti roll bar ( 3 holes ) 14 mm rear adjustable anti roll bar ( 3 holes ) Adjustable end links 3 way coilovers \u00a0 \u00a0 \u00a0 \u00a0Anti-Roll Bars help reduce body roll and allow the vehicle\u2019s handling to be fine tuned to the track and the driver. Kit includes urethane\u00a0 [&hellip;]<\/p>","protected":false},"featured_media":7165,"comment_status":"open","ping_status":"closed","template":"","meta":[],"product_brand":[63],"product_cat":[46],"product_tag":[],"class_list":{"0":"post-7164","1":"product","2":"type-product","3":"status-publish","4":"has-post-thumbnail","6":"product_brand-mazda","7":"product_cat-suspension-kits","9":"first","10":"instock","11":"taxable","12":"shipping-taxable","13":"purchasable","14":"product-type-simple"},"brizy_media":[],"_links":{"self":[{"href":"https:\/\/www.thunderlane.eu\/pl\/wp-json\/wp\/v2\/product\/7164","targetHints":{"allow":["GET"]}}],"collection":[{"href":"https:\/\/www.thunderlane.eu\/pl\/wp-json\/wp\/v2\/product"}],"about":[{"href":"https:\/\/www.thunderlane.eu\/pl\/wp-json\/wp\/v2\/types\/product"}],"replies":[{"embeddable":true,"href":"https:\/\/www.thunderlane.eu\/pl\/wp-json\/wp\/v2\/comments?post=7164"}],"wp:featuredmedia":[{"embeddable":true,"href":"https:\/\/www.thunderlane.eu\/pl\/wp-json\/wp\/v2\/media\/7165"}],"wp:attachment":[{"href":"https:\/\/www.thunderlane.eu\/pl\/wp-json\/wp\/v2\/media?parent=7164"}],"wp:term":[{"taxonomy":"product_brand","embeddable":true,"href":"https:\/\/www.thunderlane.eu\/pl\/wp-json\/wp\/v2\/product_brand?post=7164"},{"taxonomy":"product_cat","embeddable":true,"href":"https:\/\/www.thunderlane.eu\/pl\/wp-json\/wp\/v2\/product_cat?post=7164"},{"taxonomy":"product_tag","embeddable":true,"href":"https:\/\/www.thunderlane.eu\/pl\/wp-json\/wp\/v2\/product_tag?post=7164"}],"curies":[{"name":"wp","href":"https:\/\/api.w.org\/{rel}","templated":true}]}}