{"id":7181,"date":"2025-09-18T09:38:09","date_gmt":"2025-09-18T09:38:09","guid":{"rendered":"https:\/\/www.thunderlane.eu\/?post_type=product&#038;p=7181"},"modified":"2025-10-09T15:01:41","modified_gmt":"2025-10-09T15:01:41","slug":"nissan-s13-front-1-way-rear-3-way-drift-spec","status":"publish","type":"product","link":"https:\/\/www.thunderlane.eu\/pl\/produkt\/nissan-s13-front-1-way-rear-3-way-drift-spec\/","title":{"rendered":"Nissan S13 \u2013 Front 1 way + Rear 3 way ( Drift Spec )"},"content":{"rendered":"<div class=\"brz-container brz-css-ciidq brz-css-fewen\">\n<div class=\"brz-css-odbiu brz-wrapper\">\n<div class=\"brz-wp-post-content brz-css-dqljz brz-css-uddqh\" data-custom-id=\"ykfhvllkhclxfdvraofqdixzhpuymknifjyv\">\n<div>\n<ul>\n<li>https:\/\/www.instagram.com\/maxracing.official\/reel\/DHGkv69iXTd\/ &#8211; Product instalation<\/li>\n<li>Designed and valved for drift competition<\/li>\n<li>Galwanizowany korpus amortyzatora<\/li>\n<li>Amortyzator z mo\u017cliwo\u015bci\u0105 przebudowy<\/li>\n<li>20-krotna regulacja odbicia<\/li>\n<li>34x regulacja kompresji przy niskich obrotach<\/li>\n<li>18-krotna regulacja kompresji z du\u017c\u0105 pr\u0119dko\u015bci\u0105<\/li>\n<li>Dost\u0119pne poszczeg\u00f3lne cz\u0119\u015bci<\/li>\n<li>\u00a02.5\u2033 linear springs<\/li>\n<li>Quick disconnect fittings<\/li>\n<li>Spr\u0119\u017cyny wspomagaj\u0105ce<\/li>\n<li>Independent height vs preload adjustment<\/li>\n<li>Mo\u017cliwo\u015b\u0107 dostosowania pr\u0119dko\u015bci spr\u0119\u017cyn<\/li>\n<li>Odbojniki z mikrokom\u00f3rkowego poliuretanu<\/li>\n<li>Zaw\u00f3r liniowy\/dygresyjny<\/li>\n<li>Dostosowywana d\u0142ugo\u015b\u0107 w\u0119\u017ca<\/li>\n<li>\u0141o\u017cysko kuliste g\u00f3rne<\/li>\n<li>3 lata gwarancji<\/li>\n<\/ul>\n<\/div>\n<\/div>\n<\/div>\n<\/div>","protected":false},"excerpt":{"rendered":"<p>https:\/\/www.instagram.com\/maxracing.official\/reel\/DHGkv69iXTd\/ &#8211; Product instalation Designed and valved for drift competition Electroplated shock body Rebuildable shock 20x rebound adjustment 34x low speed compression adjustment 18x high speed compression adjustment Individual parts available \u00a02.5\u2033 linear springs Quick disconnect fittings Helper springs Independent height vs preload adjustment Customizable spring rates Micro Cellular\u00a0 Polyurethane Bumpstops Linear\/ Digressive valving Customizable [&hellip;]<\/p>","protected":false},"featured_media":7182,"comment_status":"open","ping_status":"closed","template":"","meta":[],"product_brand":[75],"product_cat":[46],"product_tag":[],"class_list":{"0":"post-7181","1":"product","2":"type-product","3":"status-publish","4":"has-post-thumbnail","6":"product_brand-nissan","7":"product_cat-suspension-kits","9":"first","10":"instock","11":"taxable","12":"shipping-taxable","13":"purchasable","14":"product-type-simple"},"brizy_media":[],"_links":{"self":[{"href":"https:\/\/www.thunderlane.eu\/pl\/wp-json\/wp\/v2\/product\/7181","targetHints":{"allow":["GET"]}}],"collection":[{"href":"https:\/\/www.thunderlane.eu\/pl\/wp-json\/wp\/v2\/product"}],"about":[{"href":"https:\/\/www.thunderlane.eu\/pl\/wp-json\/wp\/v2\/types\/product"}],"replies":[{"embeddable":true,"href":"https:\/\/www.thunderlane.eu\/pl\/wp-json\/wp\/v2\/comments?post=7181"}],"wp:featuredmedia":[{"embeddable":true,"href":"https:\/\/www.thunderlane.eu\/pl\/wp-json\/wp\/v2\/media\/7182"}],"wp:attachment":[{"href":"https:\/\/www.thunderlane.eu\/pl\/wp-json\/wp\/v2\/media?parent=7181"}],"wp:term":[{"taxonomy":"product_brand","embeddable":true,"href":"https:\/\/www.thunderlane.eu\/pl\/wp-json\/wp\/v2\/product_brand?post=7181"},{"taxonomy":"product_cat","embeddable":true,"href":"https:\/\/www.thunderlane.eu\/pl\/wp-json\/wp\/v2\/product_cat?post=7181"},{"taxonomy":"product_tag","embeddable":true,"href":"https:\/\/www.thunderlane.eu\/pl\/wp-json\/wp\/v2\/product_tag?post=7181"}],"curies":[{"name":"wp","href":"https:\/\/api.w.org\/{rel}","templated":true}]}}