{"id":7208,"date":"2025-09-19T09:26:40","date_gmt":"2025-09-19T09:26:40","guid":{"rendered":"https:\/\/www.thunderlane.eu\/?post_type=product&#038;p=7208"},"modified":"2025-10-09T10:29:12","modified_gmt":"2025-10-09T10:29:12","slug":"nissan-350-z-infinity-g35","status":"publish","type":"product","link":"https:\/\/www.thunderlane.eu\/pl\/produkt\/nissan-350-z-infinity-g35\/","title":{"rendered":"Nissan 350 Z\/ Infinity G35"},"content":{"rendered":"<ul>\n<li>Galwanizowany korpus amortyzatora<\/li>\n<li>Amortyzator z mo\u017cliwo\u015bci\u0105 przebudowy<\/li>\n<li>20-krotna regulacja odbicia<\/li>\n<li>Dost\u0119pne poszczeg\u00f3lne cz\u0119\u015bci<\/li>\n<li>\u00a02.5\u2033 Swift Springs<\/li>\n<li>Spr\u0119\u017cyny wspomagaj\u0105ce<\/li>\n<li>Mo\u017cliwo\u015b\u0107 dostosowania pr\u0119dko\u015bci spr\u0119\u017cyn<\/li>\n<li>Odbojniki z mikrokom\u00f3rkowego poliuretanu<\/li>\n<li>Zaw\u00f3r liniowy\/dygresyjny<\/li>\n<li>Dostosowywana d\u0142ugo\u015b\u0107 w\u0119\u017ca<\/li>\n<li>\u0141o\u017cysko kuliste g\u00f3rne<\/li>\n<li>3 lata gwarancji<\/li>\n<\/ul>","protected":false},"excerpt":{"rendered":"<p>Electroplated shock body Rebuildable shock 20x rebound adjustment Individual parts available \u00a02.5\u2033 Swift Springs Helper springs Customizable spring rates Micro Cellular\u00a0 Polyurethane Bumpstops Linear\/ Digressive valving Customizable hose length Spherical bearing top mount 3-year warranty<\/p>","protected":false},"featured_media":7209,"comment_status":"open","ping_status":"closed","template":"","meta":[],"product_brand":[75],"product_cat":[46],"product_tag":[],"class_list":{"0":"post-7208","1":"product","2":"type-product","3":"status-publish","4":"has-post-thumbnail","6":"product_brand-nissan","7":"product_cat-suspension-kits","9":"first","10":"instock","11":"taxable","12":"shipping-taxable","13":"purchasable","14":"product-type-simple"},"brizy_media":[],"_links":{"self":[{"href":"https:\/\/www.thunderlane.eu\/pl\/wp-json\/wp\/v2\/product\/7208","targetHints":{"allow":["GET"]}}],"collection":[{"href":"https:\/\/www.thunderlane.eu\/pl\/wp-json\/wp\/v2\/product"}],"about":[{"href":"https:\/\/www.thunderlane.eu\/pl\/wp-json\/wp\/v2\/types\/product"}],"replies":[{"embeddable":true,"href":"https:\/\/www.thunderlane.eu\/pl\/wp-json\/wp\/v2\/comments?post=7208"}],"wp:featuredmedia":[{"embeddable":true,"href":"https:\/\/www.thunderlane.eu\/pl\/wp-json\/wp\/v2\/media\/7209"}],"wp:attachment":[{"href":"https:\/\/www.thunderlane.eu\/pl\/wp-json\/wp\/v2\/media?parent=7208"}],"wp:term":[{"taxonomy":"product_brand","embeddable":true,"href":"https:\/\/www.thunderlane.eu\/pl\/wp-json\/wp\/v2\/product_brand?post=7208"},{"taxonomy":"product_cat","embeddable":true,"href":"https:\/\/www.thunderlane.eu\/pl\/wp-json\/wp\/v2\/product_cat?post=7208"},{"taxonomy":"product_tag","embeddable":true,"href":"https:\/\/www.thunderlane.eu\/pl\/wp-json\/wp\/v2\/product_tag?post=7208"}],"curies":[{"name":"wp","href":"https:\/\/api.w.org\/{rel}","templated":true}]}}