{"id":7351,"date":"2025-11-21T14:56:08","date_gmt":"2025-11-21T14:56:08","guid":{"rendered":"https:\/\/www.thunderlane.eu\/?post_type=product&#038;p=7351"},"modified":"2025-11-21T14:56:08","modified_gmt":"2025-11-21T14:56:08","slug":"mazda-mx5-nb","status":"publish","type":"product","link":"https:\/\/www.thunderlane.eu\/pl\/produkt\/mazda-mx5-nb\/","title":{"rendered":"Mazda MX5 (NB)"},"content":{"rendered":"<ul>\n<li>https:\/\/www.instagram.com\/thunderlane.eu\/reel\/DBLNuq0Cq3C\/ &#8211; Instalation video<\/li>\n<li>Galwanizowany korpus amortyzatora<\/li>\n<li>Amortyzator z mo\u017cliwo\u015bci\u0105 przebudowy<\/li>\n<li>Dost\u0119pne poszczeg\u00f3lne cz\u0119\u015bci<\/li>\n<li>\u00a02.5\u2033 linear springs<\/li>\n<li>Mo\u017cliwo\u015b\u0107 dostosowania pr\u0119dko\u015bci spr\u0119\u017cyn<\/li>\n<li>Odbojniki z mikrokom\u00f3rkowego poliuretanu<\/li>\n<li>20-stopniowa regulacja amortyzacji odbicia<\/li>\n<li>\u00a0Digressive valving<\/li>\n<li>Sferyczne lub gumowe mocowanie g\u00f3rne<\/li>\n<li>3 lata gwarancji<\/li>\n<\/ul>","protected":false},"excerpt":{"rendered":"<p>https:\/\/www.instagram.com\/thunderlane.eu\/reel\/DBLNuq0Cq3C\/ &#8211; Instalation video Electroplated shock body Rebuildable shock Individual parts available \u00a02.5\u2033 linear springs Customizable spring rates Micro Cellular\u00a0Polyurethane Bumpstops 20-way\u00a0rebound damping adjustment \u00a0Digressive valving Spherical or rubber top mount 3-year warranty<\/p>","protected":false},"featured_media":7352,"comment_status":"open","ping_status":"closed","template":"","meta":[],"product_brand":[63],"product_cat":[46],"product_tag":[],"class_list":{"0":"post-7351","1":"product","2":"type-product","3":"status-publish","4":"has-post-thumbnail","6":"product_brand-mazda","7":"product_cat-suspension-kits","9":"first","10":"instock","11":"taxable","12":"shipping-taxable","13":"purchasable","14":"product-type-simple"},"brizy_media":[],"_links":{"self":[{"href":"https:\/\/www.thunderlane.eu\/pl\/wp-json\/wp\/v2\/product\/7351","targetHints":{"allow":["GET"]}}],"collection":[{"href":"https:\/\/www.thunderlane.eu\/pl\/wp-json\/wp\/v2\/product"}],"about":[{"href":"https:\/\/www.thunderlane.eu\/pl\/wp-json\/wp\/v2\/types\/product"}],"replies":[{"embeddable":true,"href":"https:\/\/www.thunderlane.eu\/pl\/wp-json\/wp\/v2\/comments?post=7351"}],"wp:featuredmedia":[{"embeddable":true,"href":"https:\/\/www.thunderlane.eu\/pl\/wp-json\/wp\/v2\/media\/7352"}],"wp:attachment":[{"href":"https:\/\/www.thunderlane.eu\/pl\/wp-json\/wp\/v2\/media?parent=7351"}],"wp:term":[{"taxonomy":"product_brand","embeddable":true,"href":"https:\/\/www.thunderlane.eu\/pl\/wp-json\/wp\/v2\/product_brand?post=7351"},{"taxonomy":"product_cat","embeddable":true,"href":"https:\/\/www.thunderlane.eu\/pl\/wp-json\/wp\/v2\/product_cat?post=7351"},{"taxonomy":"product_tag","embeddable":true,"href":"https:\/\/www.thunderlane.eu\/pl\/wp-json\/wp\/v2\/product_tag?post=7351"}],"curies":[{"name":"wp","href":"https:\/\/api.w.org\/{rel}","templated":true}]}}