{"id":7361,"date":"2026-01-02T14:23:11","date_gmt":"2026-01-02T14:23:11","guid":{"rendered":"https:\/\/www.thunderlane.eu\/?post_type=product&#038;p=7361"},"modified":"2026-01-02T14:23:12","modified_gmt":"2026-01-02T14:23:12","slug":"honda-civic-v-3-way-rally-spec","status":"publish","type":"product","link":"https:\/\/www.thunderlane.eu\/pl\/produkt\/honda-civic-v-3-way-rally-spec\/","title":{"rendered":"Honda Civic V \u2013 3 way ( Rally spec )"},"content":{"rendered":"<ul>\n<li>1 piece shock body<\/li>\n<li>Amortyzator z mo\u017cliwo\u015bci\u0105 przebudowy<\/li>\n<li>20-krotna regulacja odbicia<\/li>\n<li>34x regulacja kompresji przy niskich obrotach<\/li>\n<li>22x high speed compression adjustment<\/li>\n<li>Dost\u0119pne poszczeg\u00f3lne cz\u0119\u015bci<\/li>\n<li>\u00a0Front 10 kg + Helper spring<\/li>\n<li>Rear 6 kg + Helper spring<\/li>\n<li>Mo\u017cliwo\u015b\u0107 dostosowania pr\u0119dko\u015bci spr\u0119\u017cyn<\/li>\n<li>Odbojniki z mikrokom\u00f3rkowego poliuretanu<\/li>\n<li>Digressive valving<\/li>\n<li>Front hose lenght &#8211; 1000 mm<\/li>\n<li>Rear hose lenght &#8211; 1000 mm<\/li>\n<li>\u0141o\u017cysko kuliste g\u00f3rne<\/li>\n<li>3 lata gwarancji<\/li>\n<\/ul>","protected":false},"excerpt":{"rendered":"<p>1 piece shock body Rebuildable shock 20x rebound adjustment 34x low speed compression adjustment 22x high speed compression adjustment Individual parts available \u00a0Front 10 kg + Helper spring Rear 6 kg + Helper spring Customizable spring rates Micro Cellular\u00a0 Polyurethane Bumpstops Digressive valving Front hose lenght &#8211; 1000 mm Rear hose lenght &#8211; 1000 mm [&hellip;]<\/p>","protected":false},"featured_media":7362,"comment_status":"open","ping_status":"closed","template":"","meta":[],"product_brand":[70],"product_cat":[46],"product_tag":[],"class_list":{"0":"post-7361","1":"product","2":"type-product","3":"status-publish","4":"has-post-thumbnail","6":"product_brand-honda","7":"product_cat-suspension-kits","9":"first","10":"instock","11":"taxable","12":"shipping-taxable","13":"purchasable","14":"product-type-simple"},"brizy_media":[],"_links":{"self":[{"href":"https:\/\/www.thunderlane.eu\/pl\/wp-json\/wp\/v2\/product\/7361","targetHints":{"allow":["GET"]}}],"collection":[{"href":"https:\/\/www.thunderlane.eu\/pl\/wp-json\/wp\/v2\/product"}],"about":[{"href":"https:\/\/www.thunderlane.eu\/pl\/wp-json\/wp\/v2\/types\/product"}],"replies":[{"embeddable":true,"href":"https:\/\/www.thunderlane.eu\/pl\/wp-json\/wp\/v2\/comments?post=7361"}],"wp:featuredmedia":[{"embeddable":true,"href":"https:\/\/www.thunderlane.eu\/pl\/wp-json\/wp\/v2\/media\/7362"}],"wp:attachment":[{"href":"https:\/\/www.thunderlane.eu\/pl\/wp-json\/wp\/v2\/media?parent=7361"}],"wp:term":[{"taxonomy":"product_brand","embeddable":true,"href":"https:\/\/www.thunderlane.eu\/pl\/wp-json\/wp\/v2\/product_brand?post=7361"},{"taxonomy":"product_cat","embeddable":true,"href":"https:\/\/www.thunderlane.eu\/pl\/wp-json\/wp\/v2\/product_cat?post=7361"},{"taxonomy":"product_tag","embeddable":true,"href":"https:\/\/www.thunderlane.eu\/pl\/wp-json\/wp\/v2\/product_tag?post=7361"}],"curies":[{"name":"wp","href":"https:\/\/api.w.org\/{rel}","templated":true}]}}