{"id":7365,"date":"2026-01-02T15:33:25","date_gmt":"2026-01-02T15:33:25","guid":{"rendered":"https:\/\/www.thunderlane.eu\/?post_type=product&#038;p=7365"},"modified":"2026-01-02T15:35:15","modified_gmt":"2026-01-02T15:35:15","slug":"toyota-subaru-gt-gr-86-3-way-drift-spec","status":"publish","type":"product","link":"https:\/\/www.thunderlane.eu\/pl\/produkt\/toyota-subaru-gt-gr-86-3-way-drift-spec\/","title":{"rendered":"Toyota\/Subaru GT\/GR 86 &#8211; 3 Way ( Drift Spec Rears )"},"content":{"rendered":"<div class=\"brz-container brz-css-abhqk brz-css-ytvka\">\n<div class=\"brz-css-fbijw brz-wrapper\">\n<div class=\"brz-wp-post-content brz-css-bnywa brz-css-nzkjx\" data-custom-id=\"ykfhvllkhclxfdvraofqdixzhpuymknifjyv\">\n<div>\n<div class=\"brz-container brz-css-pzruj brz-css-qwfdy\">\n<div class=\"brz-css-niehr brz-wrapper\">\n<div class=\"brz-wp-post-content brz-css-gpucr brz-css-cffoi\" data-custom-id=\"ykfhvllkhclxfdvraofqdixzhpuymknifjyv\">\n<div>\n<div class=\"brz-container brz-css-ciidq brz-css-fewen\">\n<div class=\"brz-css-odbiu brz-wrapper\">\n<div class=\"brz-wp-post-content brz-css-dqljz brz-css-uddqh\" data-custom-id=\"ykfhvllkhclxfdvraofqdixzhpuymknifjyv\">\n<div>\n<p>&nbsp;<\/p>\n<ul>\n<li>Amortyzator z mo\u017cliwo\u015bci\u0105 przebudowy<\/li>\n<li>Inverted Front Strut<\/li>\n<li>20-krotna regulacja odbicia<\/li>\n<li>34x regulacja kompresji przy niskich obrotach<\/li>\n<li>22x high speed compression adjustment<\/li>\n<li>Dost\u0119pne poszczeg\u00f3lne cz\u0119\u015bci<\/li>\n<li>Rear 7 kg spring rate<\/li>\n<li>Mo\u017cliwo\u015b\u0107 dostosowania pr\u0119dko\u015bci spr\u0119\u017cyn<\/li>\n<li>Odbojniki z mikrokom\u00f3rkowego poliuretanu<\/li>\n<li><strong>Linear main valve with special 3 way compression valve feature which is able to change characteristic to digressive &#8211; it is special fine tuned drift setup. This specific fine-tuned drift setup provides critical performance advantages for professional competition.<span class=\"uJ19be notranslate\" data-wiz-uids=\"ftlDBb_f,ftlDBb_g,ftlDBb_h\" data-complete=\"true\" data-processed=\"true\"><span class=\"vKEkVd\" data-animation-atomic=\"\" data-wiz-attrbind=\"class=ftlDBb_f\/TKHnVd;\" data-sae=\"\">\u00a0<\/span><\/span><\/strong><\/li>\n<li>Dostosowywana d\u0142ugo\u015b\u0107 w\u0119\u017ca<\/li>\n<li>\u0141o\u017cysko kuliste g\u00f3rne<\/li>\n<li>3 lata gwarancji<\/li>\n<\/ul>\n<\/div>\n<\/div>\n<\/div>\n<\/div>\n<\/div>\n<\/div>\n<\/div>\n<\/div>\n<\/div>\n<\/div>\n<\/div>\n<\/div>","protected":false},"excerpt":{"rendered":"<ul>\n<li>Linear main valve with special 3 way compression valve feature which is able to change characteristic to digressive &#8211; it is special fine tuned drift setup. This specific fine-tuned drift setup provides critical performance advantages for professional competition.<span class=\"uJ19be notranslate\" data-wiz-uids=\"ftlDBb_f,ftlDBb_g,ftlDBb_h\" data-complete=\"true\" data-processed=\"true\"><span class=\"vKEkVd\" data-animation-atomic=\"\" data-wiz-attrbind=\"class=ftlDBb_f\/TKHnVd;\" data-sae=\"\">\u00a0<\/span><\/span><\/li>\n<\/ul>","protected":false},"featured_media":7366,"comment_status":"open","ping_status":"closed","template":"","meta":[],"product_brand":[82,78],"product_cat":[43,46],"product_tag":[],"class_list":{"0":"post-7365","1":"product","2":"type-product","3":"status-publish","4":"has-post-thumbnail","6":"product_brand-subaru","7":"product_brand-toyota","8":"product_cat-drift-projects","9":"product_cat-suspension-kits","11":"first","12":"instock","13":"taxable","14":"shipping-taxable","15":"purchasable","16":"product-type-simple"},"brizy_media":[],"_links":{"self":[{"href":"https:\/\/www.thunderlane.eu\/pl\/wp-json\/wp\/v2\/product\/7365","targetHints":{"allow":["GET"]}}],"collection":[{"href":"https:\/\/www.thunderlane.eu\/pl\/wp-json\/wp\/v2\/product"}],"about":[{"href":"https:\/\/www.thunderlane.eu\/pl\/wp-json\/wp\/v2\/types\/product"}],"replies":[{"embeddable":true,"href":"https:\/\/www.thunderlane.eu\/pl\/wp-json\/wp\/v2\/comments?post=7365"}],"wp:featuredmedia":[{"embeddable":true,"href":"https:\/\/www.thunderlane.eu\/pl\/wp-json\/wp\/v2\/media\/7366"}],"wp:attachment":[{"href":"https:\/\/www.thunderlane.eu\/pl\/wp-json\/wp\/v2\/media?parent=7365"}],"wp:term":[{"taxonomy":"product_brand","embeddable":true,"href":"https:\/\/www.thunderlane.eu\/pl\/wp-json\/wp\/v2\/product_brand?post=7365"},{"taxonomy":"product_cat","embeddable":true,"href":"https:\/\/www.thunderlane.eu\/pl\/wp-json\/wp\/v2\/product_cat?post=7365"},{"taxonomy":"product_tag","embeddable":true,"href":"https:\/\/www.thunderlane.eu\/pl\/wp-json\/wp\/v2\/product_tag?post=7365"}],"curies":[{"name":"wp","href":"https:\/\/api.w.org\/{rel}","templated":true}]}}