{"id":7437,"date":"2026-04-19T11:05:52","date_gmt":"2026-04-19T11:05:52","guid":{"rendered":"https:\/\/www.thunderlane.eu\/?post_type=product&#038;p=7437"},"modified":"2026-04-19T11:06:41","modified_gmt":"2026-04-19T11:06:41","slug":"lexus-is-xe20-adjustable-anti-roll-bars","status":"publish","type":"product","link":"https:\/\/www.thunderlane.eu\/pl\/produkt\/lexus-is-xe20-adjustable-anti-roll-bars\/","title":{"rendered":"Lexus IS XE20 \u2013 Adjustable anti roll bars"},"content":{"rendered":"<ul>\n<li>30 mm front adjustable anti roll bar ( 2 holes )<\/li>\n<li>20 mm rear adjustable anti roll bar ( 2 holes )<\/li>\n<\/ul>\n<div><\/div>\n<div>\u00a0 \u00a0 \u00a0 \u00a0Anti-Roll Bars help reduce body roll and allow the vehicle\u2019s handling to be fine tuned to the track and the driver.<\/div>\n<div><\/div>\n<div><\/div>\n<div>Opis:<\/div>\n<div>\n<ul>\n<li>Mo\u017cliwo\u015b\u0107 regulacji w samochodzie bez konieczno\u015bci od\u0142\u0105czania kt\u00f3regokolwiek z ko\u0144c\u00f3w.<\/li>\n<li>Eliminuje niepo\u017c\u0105dane napi\u0119cie wst\u0119pne dr\u0105\u017cka kierowniczego w obni\u017conych pojazdach i pomaga w wywa\u017caniu na zakr\u0119tach.<\/li>\n<li>Samosmaruj\u0105ce teflonowe (PTFE) bie\u017cnie dla d\u0142ugiej \u017cywotno\u015bci i p\u0142ynnej pracy.<\/li>\n<li>Wsp\u00f3\u0142pracuje z fabrycznymi i aftermarketowymi wahaczami.<\/li>\n<li>Ogniwa ko\u0144cowe s\u0105 wyposa\u017cone w smarowniczki dla d\u0142u\u017cszej \u017cywotno\u015bci<\/li>\n<\/ul>\n<\/div>","protected":false},"excerpt":{"rendered":"<p>30 mm front adjustable anti roll bar ( 2 holes ) 20 mm rear adjustable anti roll bar ( 2 holes ) \u00a0 \u00a0 \u00a0 \u00a0Anti-Roll Bars help reduce body roll and allow the vehicle\u2019s handling to be fine tuned to the track and the driver. Description: On-car adjustable without disconnecting either end. Eliminates undesired [&hellip;]<\/p>","protected":false},"featured_media":7438,"comment_status":"open","ping_status":"closed","template":"","meta":[],"product_brand":[72],"product_cat":[64],"product_tag":[],"class_list":{"0":"post-7437","1":"product","2":"type-product","3":"status-publish","4":"has-post-thumbnail","6":"product_brand-lexus","7":"product_cat-anti-roll-bars","9":"first","10":"instock","11":"taxable","12":"shipping-taxable","13":"purchasable","14":"product-type-simple"},"brizy_media":[],"_links":{"self":[{"href":"https:\/\/www.thunderlane.eu\/pl\/wp-json\/wp\/v2\/product\/7437","targetHints":{"allow":["GET"]}}],"collection":[{"href":"https:\/\/www.thunderlane.eu\/pl\/wp-json\/wp\/v2\/product"}],"about":[{"href":"https:\/\/www.thunderlane.eu\/pl\/wp-json\/wp\/v2\/types\/product"}],"replies":[{"embeddable":true,"href":"https:\/\/www.thunderlane.eu\/pl\/wp-json\/wp\/v2\/comments?post=7437"}],"wp:featuredmedia":[{"embeddable":true,"href":"https:\/\/www.thunderlane.eu\/pl\/wp-json\/wp\/v2\/media\/7438"}],"wp:attachment":[{"href":"https:\/\/www.thunderlane.eu\/pl\/wp-json\/wp\/v2\/media?parent=7437"}],"wp:term":[{"taxonomy":"product_brand","embeddable":true,"href":"https:\/\/www.thunderlane.eu\/pl\/wp-json\/wp\/v2\/product_brand?post=7437"},{"taxonomy":"product_cat","embeddable":true,"href":"https:\/\/www.thunderlane.eu\/pl\/wp-json\/wp\/v2\/product_cat?post=7437"},{"taxonomy":"product_tag","embeddable":true,"href":"https:\/\/www.thunderlane.eu\/pl\/wp-json\/wp\/v2\/product_tag?post=7437"}],"curies":[{"name":"wp","href":"https:\/\/api.w.org\/{rel}","templated":true}]}}